{"id":2345,"date":"2020-04-27T10:43:43","date_gmt":"2020-04-27T08:43:43","guid":{"rendered":"https:\/\/www.there-for-you.com\/?page_id=2345"},"modified":"2023-02-15T16:54:42","modified_gmt":"2023-02-15T15:54:42","slug":"erdbebenhilfe","status":"publish","type":"page","link":"https:\/\/www.there-for-you.com\/en\/erdbebenhilfe\/","title":{"rendered":"Earthquake aid for Turkey and Syria"},"content":{"rendered":"\n<p class=\"has-text-align-center\"><strong>Donation fund for aid projects in Turkey and Syria<\/strong><\/p>\n\n\n\n<p>The people in Turkey and Syria are currently in an emergency situation due to strong earthquakes and need our help and solidarity. On Monday morning, 06.02.2023, two strong earthquakes of 7.8 and 6.7 on the Richter scale occurred shortly after each other on the Turkish-Syrian border. Further aftershocks followed. The death toll has risen to over 37,500 (updated on 13.02.23).<\/p>\n\n\n<div class=\"wp-block-image\">\n<figure class=\"aligncenter size-large is-resized\"><img decoding=\"async\" data-src=\"https:\/\/www.there-for-you.com\/wp-content\/uploads\/2020\/05\/earthquake-1665878-1024x680.jpg\" alt=\"\" class=\"wp-image-17193 lazyload\" width=\"512\" height=\"340\" data-srcset=\"https:\/\/www.there-for-you.com\/wp-content\/uploads\/2020\/05\/earthquake-1665878-1024x680.jpg 1024w, https:\/\/www.there-for-you.com\/wp-content\/uploads\/2020\/05\/earthquake-1665878-300x199.jpg 300w, https:\/\/www.there-for-you.com\/wp-content\/uploads\/2020\/05\/earthquake-1665878-768x510.jpg 768w, https:\/\/www.there-for-you.com\/wp-content\/uploads\/2020\/05\/earthquake-1665878-1536x1020.jpg 1536w, https:\/\/www.there-for-you.com\/wp-content\/uploads\/2020\/05\/earthquake-1665878.jpg 1626w\" data-sizes=\"(max-width: 512px) 100vw, 512px\" src=\"data:image\/svg+xml;base64,PHN2ZyB3aWR0aD0iMSIgaGVpZ2h0PSIxIiB4bWxucz0iaHR0cDovL3d3dy53My5vcmcvMjAwMC9zdmciPjwvc3ZnPg==\" style=\"--smush-placeholder-width: 512px; --smush-placeholder-aspect-ratio: 512\/340;\" \/><\/figure>\n<\/div>\n\n\n<p style=\"font-size:18px\">The local population needs support as quickly as possible &#8211; for rescue operations, first aid, emergency supplies, food, clothing, etc. Here you have the opportunity to donate quickly and easily via the donation fund. Your donation will then be used for effective projects for the people in Turkey and Syria. Donate now directly via the form below using Twint, credit card or other means of payment. <\/p>\n\n\n\n<p style=\"font-size:18px\">In addition, we are looking for people with contacts in Turkey and Syria, as well as organizations that run aid projects directly on the ground. Contact us if you have contacts or ideas for an aid project!<\/p>\n\n\n\n<p style=\"font-size:18px\"><a href=\"mailto:info@there-for-you.com\">info@there-for-you.com<\/a> or phone: +41 43 588 31 32<\/p>\n\n\n\n<p class=\"has-text-align-center has-medium-font-size\"><strong>Aid projects on there-for-you.com<\/strong><\/p>\n\n\n\n<p>Money from the donation fund is distributed to the following projects on our platform:<\/p>\n\n\n\n<ul class=\"wp-block-list\">\n<li><strong><a href=\"https:\/\/www.there-for-you.com\/en\/donations\/nothilfe-fuer-die-opfer-des-erdbebens-in-syrien\/\">Emergency aid for the victims of the earthquack in Syria<\/a><\/strong><\/li>\n\n\n\n<li><strong><a href=\"https:\/\/www.there-for-you.com\/en\/donations\/nothilfe-fuer-syrien\/\">Emergency aid for Syria (SOS-Kinderdorf)<\/a><\/strong><\/li>\n<\/ul>\n","protected":false},"excerpt":{"rendered":"<p>Donation fund for aid projects in Turkey and Syria The people in Turkey and Syria are currently in an emergency &hellip; <a href=\"https:\/\/www.there-for-you.com\/en\/erdbebenhilfe\/\" class=\"more-link\">Continue reading <span class=\"screen-reader-text\">Earthquake aid for Turkey and Syria<\/span><\/a><\/p>\n","protected":false},"author":1,"featured_media":0,"parent":0,"menu_order":0,"comment_status":"closed","ping_status":"closed","template":"page-templates\/direct-donations.php","meta":{"_acf_changed":false,"give_campaign_id":0,"footnotes":""},"tags":[],"class_list":["post-2345","page","type-page","status-publish","hentry"],"acf":[],"yoast_head":"<!-- This site is optimized with the Yoast SEO plugin v27.4 - https:\/\/yoast.com\/product\/yoast-seo-wordpress\/ -->\n<title>Earthquake aid for Turkey and Syria &#8211; there-for-you.com<\/title>\n<meta name=\"description\" content=\"Support fund for earthquake relief in Turkey and Syria. Donate now and help the people on the ground.\" \/>\n<meta name=\"robots\" content=\"index, follow, max-snippet:-1, max-image-preview:large, max-video-preview:-1\" \/>\n<meta property=\"og:locale\" content=\"en_US\" \/>\n<meta property=\"og:locale:alternate\" content=\"de_CH_informal\" \/>\n<meta property=\"og:type\" content=\"article\" \/>\n<meta property=\"og:title\" content=\"Earthquake aid for Turkey and Syria\" \/>\n<meta property=\"og:description\" content=\"Support fund for earthquake relief in Turkey and Syria. Donate now and help the people on the ground.\" \/>\n<meta property=\"og:url\" content=\"https:\/\/www.there-for-you.com\/en\/erdbebenhilfe\/\" \/>\n<meta property=\"og:site_name\" content=\"there-for-you.com\" \/>\n<meta property=\"article:publisher\" content=\"https:\/\/www.facebook.com\/pg\/there.for.you.com.10\" \/>\n<meta property=\"article:modified_time\" content=\"2023-02-15T15:54:42+00:00\" \/>\n<meta property=\"og:image\" content=\"https:\/\/www.there-for-you.com\/wp-content\/uploads\/2020\/05\/earthquake-1665878-1024x680.jpg\" \/>\n<meta name=\"twitter:card\" content=\"summary_large_image\" \/>\n<meta name=\"twitter:label1\" content=\"Est. reading time\" \/>\n\t<meta name=\"twitter:data1\" content=\"2 minutes\" \/>\n<script type=\"application\/ld+json\" class=\"yoast-schema-graph\">{\"@context\":\"https:\\\/\\\/schema.org\",\"@graph\":[{\"@type\":\"WebPage\",\"@id\":\"https:\\\/\\\/www.there-for-you.com\\\/en\\\/erdbebenhilfe\\\/\",\"url\":\"https:\\\/\\\/www.there-for-you.com\\\/en\\\/erdbebenhilfe\\\/\",\"name\":\"Earthquake aid for Turkey and Syria\",\"isPartOf\":{\"@id\":\"https:\\\/\\\/www.there-for-you.com\\\/#website\"},\"primaryImageOfPage\":{\"@id\":\"https:\\\/\\\/www.there-for-you.com\\\/en\\\/erdbebenhilfe\\\/#primaryimage\"},\"image\":{\"@id\":\"https:\\\/\\\/www.there-for-you.com\\\/en\\\/erdbebenhilfe\\\/#primaryimage\"},\"thumbnailUrl\":\"https:\\\/\\\/www.there-for-you.com\\\/wp-content\\\/uploads\\\/2020\\\/05\\\/earthquake-1665878-1024x680.jpg\",\"datePublished\":\"2020-04-27T08:43:43+00:00\",\"dateModified\":\"2023-02-15T15:54:42+00:00\",\"description\":\"Support fund for earthquake relief in Turkey and Syria. Donate now and help the people on the ground.\",\"breadcrumb\":{\"@id\":\"https:\\\/\\\/www.there-for-you.com\\\/en\\\/erdbebenhilfe\\\/#breadcrumb\"},\"inLanguage\":\"en-US\",\"potentialAction\":[{\"@type\":\"ReadAction\",\"target\":[\"https:\\\/\\\/www.there-for-you.com\\\/en\\\/erdbebenhilfe\\\/\"]}]},{\"@type\":\"ImageObject\",\"inLanguage\":\"en-US\",\"@id\":\"https:\\\/\\\/www.there-for-you.com\\\/en\\\/erdbebenhilfe\\\/#primaryimage\",\"url\":\"https:\\\/\\\/www.there-for-you.com\\\/wp-content\\\/uploads\\\/2020\\\/05\\\/earthquake-1665878-1024x680.jpg\",\"contentUrl\":\"https:\\\/\\\/www.there-for-you.com\\\/wp-content\\\/uploads\\\/2020\\\/05\\\/earthquake-1665878-1024x680.jpg\"},{\"@type\":\"BreadcrumbList\",\"@id\":\"https:\\\/\\\/www.there-for-you.com\\\/en\\\/erdbebenhilfe\\\/#breadcrumb\",\"itemListElement\":[{\"@type\":\"ListItem\",\"position\":1,\"name\":\"Home\",\"item\":\"https:\\\/\\\/www.there-for-you.com\\\/en\\\/\"},{\"@type\":\"ListItem\",\"position\":2,\"name\":\"Earthquake aid for Turkey and Syria\"}]},{\"@type\":\"WebSite\",\"@id\":\"https:\\\/\\\/www.there-for-you.com\\\/#website\",\"url\":\"https:\\\/\\\/www.there-for-you.com\\\/\",\"name\":\"there-for-you.com\",\"description\":\"Sharing is Caring\",\"publisher\":{\"@id\":\"https:\\\/\\\/www.there-for-you.com\\\/#organization\"},\"potentialAction\":[{\"@type\":\"SearchAction\",\"target\":{\"@type\":\"EntryPoint\",\"urlTemplate\":\"https:\\\/\\\/www.there-for-you.com\\\/?s={search_term_string}\"},\"query-input\":{\"@type\":\"PropertyValueSpecification\",\"valueRequired\":true,\"valueName\":\"search_term_string\"}}],\"inLanguage\":\"en-US\"},{\"@type\":\"Organization\",\"@id\":\"https:\\\/\\\/www.there-for-you.com\\\/#organization\",\"name\":\"there-for-you.com\",\"url\":\"https:\\\/\\\/www.there-for-you.com\\\/\",\"logo\":{\"@type\":\"ImageObject\",\"inLanguage\":\"en-US\",\"@id\":\"https:\\\/\\\/www.there-for-you.com\\\/#\\\/schema\\\/logo\\\/image\\\/\",\"url\":\"https:\\\/\\\/www.there-for-you.com\\\/wp-content\\\/uploads\\\/2020\\\/04\\\/there_for_you_rgb.png\",\"contentUrl\":\"https:\\\/\\\/www.there-for-you.com\\\/wp-content\\\/uploads\\\/2020\\\/04\\\/there_for_you_rgb.png\",\"width\":201,\"height\":84,\"caption\":\"there-for-you.com\"},\"image\":{\"@id\":\"https:\\\/\\\/www.there-for-you.com\\\/#\\\/schema\\\/logo\\\/image\\\/\"},\"sameAs\":[\"https:\\\/\\\/www.facebook.com\\\/pg\\\/there.for.you.com.10\"]}]}<\/script>\n<!-- \/ Yoast SEO plugin. -->","yoast_head_json":{"title":"Earthquake aid for Turkey and Syria &#8211; there-for-you.com","description":"Support fund for earthquake relief in Turkey and Syria. Donate now and help the people on the ground.","robots":{"index":"index","follow":"follow","max-snippet":"max-snippet:-1","max-image-preview":"max-image-preview:large","max-video-preview":"max-video-preview:-1"},"og_locale":"en_US","og_type":"article","og_title":"[:de]Erdbebenhilfe f\u00fcr T\u00fcrkei und Syrien[:en]Earthquake aid for Turkey and Syria[:fr]Aide aux victimes du s\u00e9isme en Turquie et en Syrie[:] - there-for-you.com","og_description":"Support fund for earthquake relief in Turkey and Syria. Donate now and help the people on the ground.","og_url":"https:\/\/www.there-for-you.com\/en\/erdbebenhilfe\/","og_site_name":"there-for-you.com","article_publisher":"https:\/\/www.facebook.com\/pg\/there.for.you.com.10","article_modified_time":"2023-02-15T15:54:42+00:00","og_image":[{"url":"https:\/\/www.there-for-you.com\/wp-content\/uploads\/2020\/05\/earthquake-1665878-1024x680.jpg","type":"","width":"","height":""}],"twitter_card":"summary_large_image","twitter_misc":{"Est. reading time":"2 minutes"},"schema":{"@context":"https:\/\/schema.org","@graph":[{"@type":"WebPage","@id":"https:\/\/www.there-for-you.com\/en\/erdbebenhilfe\/","url":"https:\/\/www.there-for-you.com\/en\/erdbebenhilfe\/","name":"Earthquake aid for Turkey and Syria","isPartOf":{"@id":"https:\/\/www.there-for-you.com\/#website"},"primaryImageOfPage":{"@id":"https:\/\/www.there-for-you.com\/en\/erdbebenhilfe\/#primaryimage"},"image":{"@id":"https:\/\/www.there-for-you.com\/en\/erdbebenhilfe\/#primaryimage"},"thumbnailUrl":"https:\/\/www.there-for-you.com\/wp-content\/uploads\/2020\/05\/earthquake-1665878-1024x680.jpg","datePublished":"2020-04-27T08:43:43+00:00","dateModified":"2023-02-15T15:54:42+00:00","description":"Support fund for earthquake relief in Turkey and Syria. Donate now and help the people on the ground.","breadcrumb":{"@id":"https:\/\/www.there-for-you.com\/en\/erdbebenhilfe\/#breadcrumb"},"inLanguage":"en-US","potentialAction":[{"@type":"ReadAction","target":["https:\/\/www.there-for-you.com\/en\/erdbebenhilfe\/"]}]},{"@type":"ImageObject","inLanguage":"en-US","@id":"https:\/\/www.there-for-you.com\/en\/erdbebenhilfe\/#primaryimage","url":"https:\/\/www.there-for-you.com\/wp-content\/uploads\/2020\/05\/earthquake-1665878-1024x680.jpg","contentUrl":"https:\/\/www.there-for-you.com\/wp-content\/uploads\/2020\/05\/earthquake-1665878-1024x680.jpg"},{"@type":"BreadcrumbList","@id":"https:\/\/www.there-for-you.com\/en\/erdbebenhilfe\/#breadcrumb","itemListElement":[{"@type":"ListItem","position":1,"name":"Home","item":"https:\/\/www.there-for-you.com\/en\/"},{"@type":"ListItem","position":2,"name":"Earthquake aid for Turkey and Syria"}]},{"@type":"WebSite","@id":"https:\/\/www.there-for-you.com\/#website","url":"https:\/\/www.there-for-you.com\/","name":"there-for-you.com","description":"Sharing is Caring","publisher":{"@id":"https:\/\/www.there-for-you.com\/#organization"},"potentialAction":[{"@type":"SearchAction","target":{"@type":"EntryPoint","urlTemplate":"https:\/\/www.there-for-you.com\/?s={search_term_string}"},"query-input":{"@type":"PropertyValueSpecification","valueRequired":true,"valueName":"search_term_string"}}],"inLanguage":"en-US"},{"@type":"Organization","@id":"https:\/\/www.there-for-you.com\/#organization","name":"there-for-you.com","url":"https:\/\/www.there-for-you.com\/","logo":{"@type":"ImageObject","inLanguage":"en-US","@id":"https:\/\/www.there-for-you.com\/#\/schema\/logo\/image\/","url":"https:\/\/www.there-for-you.com\/wp-content\/uploads\/2020\/04\/there_for_you_rgb.png","contentUrl":"https:\/\/www.there-for-you.com\/wp-content\/uploads\/2020\/04\/there_for_you_rgb.png","width":201,"height":84,"caption":"there-for-you.com"},"image":{"@id":"https:\/\/www.there-for-you.com\/#\/schema\/logo\/image\/"},"sameAs":["https:\/\/www.facebook.com\/pg\/there.for.you.com.10"]}]}},"campaignId":"","_links":{"self":[{"href":"https:\/\/www.there-for-you.com\/en\/wp-json\/wp\/v2\/pages\/2345","targetHints":{"allow":["GET"]}}],"collection":[{"href":"https:\/\/www.there-for-you.com\/en\/wp-json\/wp\/v2\/pages"}],"about":[{"href":"https:\/\/www.there-for-you.com\/en\/wp-json\/wp\/v2\/types\/page"}],"author":[{"embeddable":true,"href":"https:\/\/www.there-for-you.com\/en\/wp-json\/wp\/v2\/users\/1"}],"replies":[{"embeddable":true,"href":"https:\/\/www.there-for-you.com\/en\/wp-json\/wp\/v2\/comments?post=2345"}],"version-history":[{"count":103,"href":"https:\/\/www.there-for-you.com\/en\/wp-json\/wp\/v2\/pages\/2345\/revisions"}],"predecessor-version":[{"id":17417,"href":"https:\/\/www.there-for-you.com\/en\/wp-json\/wp\/v2\/pages\/2345\/revisions\/17417"}],"wp:attachment":[{"href":"https:\/\/www.there-for-you.com\/en\/wp-json\/wp\/v2\/media?parent=2345"}],"wp:term":[{"taxonomy":"post_tag","embeddable":true,"href":"https:\/\/www.there-for-you.com\/en\/wp-json\/wp\/v2\/tags?post=2345"}],"curies":[{"name":"wp","href":"https:\/\/api.w.org\/{rel}","templated":true}]}}