{"id":20900,"date":"2023-11-28T11:08:23","date_gmt":"2023-11-28T10:08:23","guid":{"rendered":"https:\/\/www.there-for-you.com\/?page_id=20900"},"modified":"2023-11-28T16:25:39","modified_gmt":"2023-11-28T15:25:39","slug":"swiss-resilience-hub","status":"publish","type":"page","link":"https:\/\/www.there-for-you.com\/en\/partner\/swiss-resilience-hub\/","title":{"rendered":"Swiss Resilience Hub"},"content":{"rendered":"\n<p><strong>We empower individuals and organizations<\/strong><\/p>\n\n\n\n<p>The Swiss Resilience Hub is the Swiss competence center for resilience and leadership. Our central concern is to strengthen the resilience and mental health of organizations, teams and employees at all levels. We count on over 30 experienced psychologists, coaches, leaders and team developers based throughout Switzerland. They implement SRH&#8217;s health and performance-enhancing interventions and programs in 4 languages. In doing so, they consistently focus on the requirements and goals of the clients and their employees.<\/p>\n\n\n\n<p><strong>Resilient and satisfied employees are worth their weight in gold.<\/strong><\/p>\n\n\n\n<p>With our hybrid GROW-program, we sustainably strengthen the employer branding of companies as well as the mental health and leadership skills of employees. In this way, we contribute to an organizational culture that promotes the well-being of employees on a mental, social and physical level. The connection between this organizational well-being and corporate success has been proven in various studies. Part of this is the GROW platform. This offers users individual learning journeys on the most important resilience skills, mental health and leadership. In close cooperation with the ZHAW, we continuously monitor and optimize the effectiveness of our formats.<\/p>\n\n\n\n<figure class=\"wp-block-image size-large\"><img decoding=\"async\" width=\"1024\" height=\"576\" data-src=\"https:\/\/www.there-for-you.com\/wp-content\/uploads\/2023\/11\/GROW_Proc-1024x576.jpg\" alt=\"\" class=\"wp-image-20902 lazyload\" data-srcset=\"https:\/\/www.there-for-you.com\/wp-content\/uploads\/2023\/11\/GROW_Proc-1024x576.jpg 1024w, https:\/\/www.there-for-you.com\/wp-content\/uploads\/2023\/11\/GROW_Proc-300x169.jpg 300w, https:\/\/www.there-for-you.com\/wp-content\/uploads\/2023\/11\/GROW_Proc-768x432.jpg 768w, https:\/\/www.there-for-you.com\/wp-content\/uploads\/2023\/11\/GROW_Proc-1536x864.jpg 1536w, https:\/\/www.there-for-you.com\/wp-content\/uploads\/2023\/11\/GROW_Proc.jpg 1919w\" data-sizes=\"(max-width: 1024px) 100vw, 1024px\" src=\"data:image\/svg+xml;base64,PHN2ZyB3aWR0aD0iMSIgaGVpZ2h0PSIxIiB4bWxucz0iaHR0cDovL3d3dy53My5vcmcvMjAwMC9zdmciPjwvc3ZnPg==\" style=\"--smush-placeholder-width: 1024px; --smush-placeholder-aspect-ratio: 1024\/576;\" \/><\/figure>\n\n\n\n<p><a href=\"https:\/\/swiss-resilience-hub.ch\/en\/grow-program\/\"><strong>swiss-resilience-hub.ch\/grow<\/strong><\/a><\/p>\n\n\n\n<p><strong>Strengthen young people<\/strong><\/p>\n\n\n\n<p>As social resilience is also important to us, we have developed a resilience program for learners. In Switzerland, more and more young people are suffering from psychological stress. In order to effectively counteract this unfortunate trend, we have developed our resilience program for learners, which addresses their needs and supports and strengthens them on their path to greater resilience.<\/p>\n\n\n\n<p><a href=\"https:\/\/swiss-resilience-hub.ch\/\"><strong>swiss-resilience-hub.ch<\/strong><\/a><\/p>\n","protected":false},"excerpt":{"rendered":"<p>We empower individuals and organizations The Swiss Resilience Hub is the Swiss competence center for resilience and leadership. Our central &hellip; <a href=\"https:\/\/www.there-for-you.com\/en\/partner\/swiss-resilience-hub\/\" class=\"more-link\">Continue reading <span class=\"screen-reader-text\">Swiss Resilience Hub<\/span><\/a><\/p>\n","protected":false},"author":166,"featured_media":20901,"parent":20472,"menu_order":0,"comment_status":"closed","ping_status":"closed","template":"page-templates\/partner-detail.php","meta":{"_acf_changed":false,"give_campaign_id":0,"footnotes":""},"tags":[],"class_list":["post-20900","page","type-page","status-publish","has-post-thumbnail","hentry"],"acf":[],"yoast_head":"<!-- This site is optimized with the Yoast SEO plugin v27.1.1 - https:\/\/yoast.com\/product\/yoast-seo-wordpress\/ -->\n<title>Swiss Resilience Hub &#8211; there-for-you.com<\/title>\n<meta name=\"description\" content=\"Der Swiss Resilience Hub ist das Schweizer Kompetenzzentrum f\u00fcr Resilienz und F\u00fchrung und unterst\u00fctzt there for you.\" \/>\n<meta name=\"robots\" content=\"index, follow, max-snippet:-1, max-image-preview:large, max-video-preview:-1\" \/>\n<meta property=\"og:locale\" content=\"en_US\" \/>\n<meta property=\"og:locale:alternate\" content=\"de_CH_informal\" \/>\n<meta property=\"og:type\" content=\"article\" \/>\n<meta property=\"og:title\" content=\"Swiss Resilience Hub\" \/>\n<meta property=\"og:description\" content=\"Der Swiss Resilience Hub ist das Schweizer Kompetenzzentrum f\u00fcr Resilienz und F\u00fchrung und unterst\u00fctzt there for you.\" \/>\n<meta property=\"og:url\" content=\"https:\/\/www.there-for-you.com\/en\/partner\/swiss-resilience-hub\/\" \/>\n<meta property=\"og:site_name\" content=\"there-for-you.com\" \/>\n<meta property=\"article:publisher\" content=\"https:\/\/www.facebook.com\/pg\/there.for.you.com.10\" \/>\n<meta property=\"article:modified_time\" content=\"2023-11-28T15:25:39+00:00\" \/>\n<meta property=\"og:image\" content=\"https:\/\/www.there-for-you.com\/wp-content\/uploads\/2023\/11\/LogoDeuBl-Kopie-2.png\" \/>\n\t<meta property=\"og:image:width\" content=\"1919\" \/>\n\t<meta property=\"og:image:height\" content=\"379\" \/>\n\t<meta property=\"og:image:type\" content=\"image\/png\" \/>\n<meta name=\"twitter:card\" content=\"summary_large_image\" \/>\n<meta name=\"twitter:label1\" content=\"Est. reading time\" \/>\n\t<meta name=\"twitter:data1\" content=\"2 minutes\" \/>\n<script type=\"application\/ld+json\" class=\"yoast-schema-graph\">{\"@context\":\"https:\/\/schema.org\",\"@graph\":[{\"@type\":\"WebPage\",\"@id\":\"https:\/\/www.there-for-you.com\/partner\/swiss-resilience-hub\/\",\"url\":\"https:\/\/www.there-for-you.com\/partner\/swiss-resilience-hub\/\",\"name\":\"Swiss Resilience Hub\",\"isPartOf\":{\"@id\":\"https:\/\/www.there-for-you.com\/#website\"},\"primaryImageOfPage\":{\"@id\":\"https:\/\/www.there-for-you.com\/partner\/swiss-resilience-hub\/#primaryimage\"},\"image\":{\"@id\":\"https:\/\/www.there-for-you.com\/partner\/swiss-resilience-hub\/#primaryimage\"},\"thumbnailUrl\":\"https:\/\/www.there-for-you.com\/wp-content\/uploads\/2023\/11\/LogoDeuBl-Kopie-2.png\",\"datePublished\":\"2023-11-28T10:08:23+00:00\",\"dateModified\":\"2023-11-28T15:25:39+00:00\",\"description\":\"Der Swiss Resilience Hub ist das Schweizer Kompetenzzentrum f\u00fcr Resilienz und F\u00fchrung und unterst\u00fctzt there for you.\",\"breadcrumb\":{\"@id\":\"https:\/\/www.there-for-you.com\/partner\/swiss-resilience-hub\/#breadcrumb\"},\"inLanguage\":\"en-US\",\"potentialAction\":[{\"@type\":\"ReadAction\",\"target\":[\"https:\/\/www.there-for-you.com\/partner\/swiss-resilience-hub\/\"]}]},{\"@type\":\"ImageObject\",\"inLanguage\":\"en-US\",\"@id\":\"https:\/\/www.there-for-you.com\/partner\/swiss-resilience-hub\/#primaryimage\",\"url\":\"https:\/\/www.there-for-you.com\/wp-content\/uploads\/2023\/11\/LogoDeuBl-Kopie-2.png\",\"contentUrl\":\"https:\/\/www.there-for-you.com\/wp-content\/uploads\/2023\/11\/LogoDeuBl-Kopie-2.png\",\"width\":1919,\"height\":379},{\"@type\":\"BreadcrumbList\",\"@id\":\"https:\/\/www.there-for-you.com\/partner\/swiss-resilience-hub\/#breadcrumb\",\"itemListElement\":[{\"@type\":\"ListItem\",\"position\":1,\"name\":\"Home\",\"item\":\"https:\/\/www.there-for-you.com\/en\/\"},{\"@type\":\"ListItem\",\"position\":2,\"name\":\"Partner*innen\",\"item\":\"https:\/\/www.there-for-you.com\/partner\/\"},{\"@type\":\"ListItem\",\"position\":3,\"name\":\"Swiss Resilience Hub\"}]},{\"@type\":\"WebSite\",\"@id\":\"https:\/\/www.there-for-you.com\/#website\",\"url\":\"https:\/\/www.there-for-you.com\/\",\"name\":\"there-for-you.com\",\"description\":\"Sharing is Caring\",\"publisher\":{\"@id\":\"https:\/\/www.there-for-you.com\/#organization\"},\"potentialAction\":[{\"@type\":\"SearchAction\",\"target\":{\"@type\":\"EntryPoint\",\"urlTemplate\":\"https:\/\/www.there-for-you.com\/?s={search_term_string}\"},\"query-input\":{\"@type\":\"PropertyValueSpecification\",\"valueRequired\":true,\"valueName\":\"search_term_string\"}}],\"inLanguage\":\"en-US\"},{\"@type\":\"Organization\",\"@id\":\"https:\/\/www.there-for-you.com\/#organization\",\"name\":\"there-for-you.com\",\"url\":\"https:\/\/www.there-for-you.com\/\",\"logo\":{\"@type\":\"ImageObject\",\"inLanguage\":\"en-US\",\"@id\":\"https:\/\/www.there-for-you.com\/#\/schema\/logo\/image\/\",\"url\":\"https:\/\/www.there-for-you.com\/wp-content\/uploads\/2020\/04\/there_for_you_rgb.png\",\"contentUrl\":\"https:\/\/www.there-for-you.com\/wp-content\/uploads\/2020\/04\/there_for_you_rgb.png\",\"width\":201,\"height\":84,\"caption\":\"there-for-you.com\"},\"image\":{\"@id\":\"https:\/\/www.there-for-you.com\/#\/schema\/logo\/image\/\"},\"sameAs\":[\"https:\/\/www.facebook.com\/pg\/there.for.you.com.10\"]}]}<\/script>\n<!-- \/ Yoast SEO plugin. -->","yoast_head_json":{"title":"Swiss Resilience Hub &#8211; there-for-you.com","description":"Der Swiss Resilience Hub ist das Schweizer Kompetenzzentrum f\u00fcr Resilienz und F\u00fchrung und unterst\u00fctzt there for you.","robots":{"index":"index","follow":"follow","max-snippet":"max-snippet:-1","max-image-preview":"max-image-preview:large","max-video-preview":"max-video-preview:-1"},"og_locale":"en_US","og_type":"article","og_title":"[:de]Swiss Resilience Hub[:] - there-for-you.com","og_description":"Der Swiss Resilience Hub ist das Schweizer Kompetenzzentrum f\u00fcr Resilienz und F\u00fchrung und unterst\u00fctzt there for you.","og_url":"https:\/\/www.there-for-you.com\/en\/partner\/swiss-resilience-hub\/","og_site_name":"there-for-you.com","article_publisher":"https:\/\/www.facebook.com\/pg\/there.for.you.com.10","article_modified_time":"2023-11-28T15:25:39+00:00","og_image":[{"width":1919,"height":379,"url":"https:\/\/www.there-for-you.com\/wp-content\/uploads\/2023\/11\/LogoDeuBl-Kopie-2.png","type":"image\/png"}],"twitter_card":"summary_large_image","twitter_misc":{"Est. reading time":"2 minutes"},"schema":{"@context":"https:\/\/schema.org","@graph":[{"@type":"WebPage","@id":"https:\/\/www.there-for-you.com\/partner\/swiss-resilience-hub\/","url":"https:\/\/www.there-for-you.com\/partner\/swiss-resilience-hub\/","name":"Swiss Resilience Hub","isPartOf":{"@id":"https:\/\/www.there-for-you.com\/#website"},"primaryImageOfPage":{"@id":"https:\/\/www.there-for-you.com\/partner\/swiss-resilience-hub\/#primaryimage"},"image":{"@id":"https:\/\/www.there-for-you.com\/partner\/swiss-resilience-hub\/#primaryimage"},"thumbnailUrl":"https:\/\/www.there-for-you.com\/wp-content\/uploads\/2023\/11\/LogoDeuBl-Kopie-2.png","datePublished":"2023-11-28T10:08:23+00:00","dateModified":"2023-11-28T15:25:39+00:00","description":"Der Swiss Resilience Hub ist das Schweizer Kompetenzzentrum f\u00fcr Resilienz und F\u00fchrung und unterst\u00fctzt there for you.","breadcrumb":{"@id":"https:\/\/www.there-for-you.com\/partner\/swiss-resilience-hub\/#breadcrumb"},"inLanguage":"en-US","potentialAction":[{"@type":"ReadAction","target":["https:\/\/www.there-for-you.com\/partner\/swiss-resilience-hub\/"]}]},{"@type":"ImageObject","inLanguage":"en-US","@id":"https:\/\/www.there-for-you.com\/partner\/swiss-resilience-hub\/#primaryimage","url":"https:\/\/www.there-for-you.com\/wp-content\/uploads\/2023\/11\/LogoDeuBl-Kopie-2.png","contentUrl":"https:\/\/www.there-for-you.com\/wp-content\/uploads\/2023\/11\/LogoDeuBl-Kopie-2.png","width":1919,"height":379},{"@type":"BreadcrumbList","@id":"https:\/\/www.there-for-you.com\/partner\/swiss-resilience-hub\/#breadcrumb","itemListElement":[{"@type":"ListItem","position":1,"name":"Home","item":"https:\/\/www.there-for-you.com\/en\/"},{"@type":"ListItem","position":2,"name":"Partner*innen","item":"https:\/\/www.there-for-you.com\/partner\/"},{"@type":"ListItem","position":3,"name":"Swiss Resilience Hub"}]},{"@type":"WebSite","@id":"https:\/\/www.there-for-you.com\/#website","url":"https:\/\/www.there-for-you.com\/","name":"there-for-you.com","description":"Sharing is Caring","publisher":{"@id":"https:\/\/www.there-for-you.com\/#organization"},"potentialAction":[{"@type":"SearchAction","target":{"@type":"EntryPoint","urlTemplate":"https:\/\/www.there-for-you.com\/?s={search_term_string}"},"query-input":{"@type":"PropertyValueSpecification","valueRequired":true,"valueName":"search_term_string"}}],"inLanguage":"en-US"},{"@type":"Organization","@id":"https:\/\/www.there-for-you.com\/#organization","name":"there-for-you.com","url":"https:\/\/www.there-for-you.com\/","logo":{"@type":"ImageObject","inLanguage":"en-US","@id":"https:\/\/www.there-for-you.com\/#\/schema\/logo\/image\/","url":"https:\/\/www.there-for-you.com\/wp-content\/uploads\/2020\/04\/there_for_you_rgb.png","contentUrl":"https:\/\/www.there-for-you.com\/wp-content\/uploads\/2020\/04\/there_for_you_rgb.png","width":201,"height":84,"caption":"there-for-you.com"},"image":{"@id":"https:\/\/www.there-for-you.com\/#\/schema\/logo\/image\/"},"sameAs":["https:\/\/www.facebook.com\/pg\/there.for.you.com.10"]}]}},"campaignId":"","_links":{"self":[{"href":"https:\/\/www.there-for-you.com\/en\/wp-json\/wp\/v2\/pages\/20900","targetHints":{"allow":["GET"]}}],"collection":[{"href":"https:\/\/www.there-for-you.com\/en\/wp-json\/wp\/v2\/pages"}],"about":[{"href":"https:\/\/www.there-for-you.com\/en\/wp-json\/wp\/v2\/types\/page"}],"author":[{"embeddable":true,"href":"https:\/\/www.there-for-you.com\/en\/wp-json\/wp\/v2\/users\/166"}],"replies":[{"embeddable":true,"href":"https:\/\/www.there-for-you.com\/en\/wp-json\/wp\/v2\/comments?post=20900"}],"version-history":[{"count":12,"href":"https:\/\/www.there-for-you.com\/en\/wp-json\/wp\/v2\/pages\/20900\/revisions"}],"predecessor-version":[{"id":20925,"href":"https:\/\/www.there-for-you.com\/en\/wp-json\/wp\/v2\/pages\/20900\/revisions\/20925"}],"up":[{"embeddable":true,"href":"https:\/\/www.there-for-you.com\/en\/wp-json\/wp\/v2\/pages\/20472"}],"wp:featuredmedia":[{"embeddable":true,"href":"https:\/\/www.there-for-you.com\/en\/wp-json\/wp\/v2\/media\/20901"}],"wp:attachment":[{"href":"https:\/\/www.there-for-you.com\/en\/wp-json\/wp\/v2\/media?parent=20900"}],"wp:term":[{"taxonomy":"post_tag","embeddable":true,"href":"https:\/\/www.there-for-you.com\/en\/wp-json\/wp\/v2\/tags?post=20900"}],"curies":[{"name":"wp","href":"https:\/\/api.w.org\/{rel}","templated":true}]}}